{"id":2132,"date":"2021-04-15T08:43:23","date_gmt":"2021-04-15T06:43:23","guid":{"rendered":"https:\/\/stainless.lu\/documentation\/"},"modified":"2021-04-19T13:07:55","modified_gmt":"2021-04-19T11:07:55","slug":"documentation","status":"publish","type":"page","link":"https:\/\/stainless.lu\/fr\/documentation\/","title":{"rendered":"Documentation"},"content":{"rendered":"<p>Malgr\u00e9 tout le soin que nous avons apport\u00e9 \u00e0 la compilation de cette documentation, cela peut arriver<br \/>\nque des articles s&#8217;\u00e9cartent des sp\u00e9cifications sp\u00e9cifi\u00e9es. En cas certaines donn\u00e9es techniques sont importantes pour vous, svp mentionnez cette donn\u00e9es dans votre demande\/commande ou v\u00e9rifiez-le avant \u00e0 notre service commercial.<\/p>\n<p>Besoin d\u2019une brochure? Remplissez vos coordonn\u00e9es et vous recevrez imm\u00e9diatement une documentation compl\u00e8te.<\/p>\n\n<div class=\"wpcf7 no-js\" id=\"wpcf7-f2146-o1\" lang=\"nl-NL\" dir=\"ltr\">\n<div class=\"screen-reader-response\"><p role=\"status\" aria-live=\"polite\" aria-atomic=\"true\"><\/p> <ul><\/ul><\/div>\n<form action=\"\/fr\/wp-json\/wp\/v2\/pages\/2132#wpcf7-f2146-o1\" method=\"post\" class=\"wpcf7-form init\" aria-label=\"Contact form\" novalidate=\"novalidate\" data-status=\"init\">\n<div style=\"display: none;\">\n<input type=\"hidden\" name=\"_wpcf7\" value=\"2146\" \/>\n<input type=\"hidden\" name=\"_wpcf7_version\" value=\"5.9.8\" \/>\n<input type=\"hidden\" name=\"_wpcf7_locale\" value=\"nl_NL\" \/>\n<input type=\"hidden\" name=\"_wpcf7_unit_tag\" value=\"wpcf7-f2146-o1\" \/>\n<input type=\"hidden\" name=\"_wpcf7_container_post\" value=\"0\" \/>\n<input type=\"hidden\" name=\"_wpcf7_posted_data_hash\" value=\"\" \/>\n<input type=\"hidden\" name=\"_wpcf7_recaptcha_response\" value=\"\" \/>\n<\/div>\n<div class=\"o-layout u-padding-top-large\">\n\t<div class=\"o-layout__item u-1\/2@tablet-and-up\">\n\t\t<p><label class=\"o-form__label\"> Nom de la soci\u00e9t\u00e9(*)<br \/>\n<span class=\"wpcf7-form-control-wrap\" data-name=\"your-name\"><input size=\"40\" maxlength=\"400\" class=\"wpcf7-form-control wpcf7-text wpcf7-validates-as-required o-form__input\" aria-required=\"true\" aria-invalid=\"false\" value=\"\" type=\"text\" name=\"your-name\" \/><\/span> <\/label>\n\t\t<\/p>\n\t\t<p><label class=\"o-form__label\"> Votre nom(*)<br \/>\n<span class=\"wpcf7-form-control-wrap\" data-name=\"person-name\"><input size=\"40\" maxlength=\"400\" class=\"wpcf7-form-control wpcf7-text wpcf7-validates-as-required o-form__input\" aria-required=\"true\" aria-invalid=\"false\" value=\"\" type=\"text\" name=\"person-name\" \/><\/span> <\/label>\n\t\t<\/p>\n\t\t<p><label class=\"o-form__label\"> E-Mail (*)<br \/>\n<span class=\"wpcf7-form-control-wrap\" data-name=\"your-email\"><input size=\"40\" maxlength=\"400\" class=\"wpcf7-form-control wpcf7-email wpcf7-validates-as-required wpcf7-text wpcf7-validates-as-email o-form__input\" aria-required=\"true\" aria-invalid=\"false\" value=\"\" type=\"email\" name=\"your-email\" \/><\/span> <\/label>\n\t\t<\/p>\n\t\t<p><label class=\"o-form__label\"> Num\u00e9ro de t\u00e9l\u00e9phone(*)<br \/>\n<span class=\"wpcf7-form-control-wrap\" data-name=\"phone\"><input size=\"40\" maxlength=\"400\" class=\"wpcf7-form-control wpcf7-text wpcf7-validates-as-required o-form__input\" aria-required=\"true\" aria-invalid=\"false\" value=\"\" type=\"text\" name=\"phone\" \/><\/span> <\/label>\n\t\t<\/p>\n\t\t<p><label class=\"o-form__label\"> Sujet<br \/>\n<span class=\"wpcf7-form-control-wrap\" data-name=\"your-subject\"><input size=\"40\" maxlength=\"400\" class=\"wpcf7-form-control wpcf7-text o-form__input\" aria-invalid=\"false\" value=\"\" type=\"text\" name=\"your-subject\" \/><\/span> <\/label>\n\t\t<\/p>\n\t<\/div>\n\t<div class=\"o-layout__item u-1\/2@tablet-and-up\">\n\t\t<div class=\"u-textarea\">\n\t\t\t<p><label class=\"o-form__label\"> Message<br \/>\n<span class=\"wpcf7-form-control-wrap\" data-name=\"your-message\"><textarea cols=\"40\" rows=\"9\" maxlength=\"2000\" class=\"wpcf7-form-control wpcf7-textarea o-form__input\" aria-invalid=\"false\" name=\"your-message\"><\/textarea><\/span><\/label>\n\t\t\t<\/p>\n\t\t<\/div>\n\t<\/div>\n<\/div>\n<div class=\"u-text-center u-margin-top\">\n\t<p><input class=\"wpcf7-form-control wpcf7-submit has-spinner c-btn c-btn--primary\" type=\"submit\" value=\"Exp\u00e9dier\" \/>\n\t<\/p>\n<\/div><div class=\"wpcf7-response-output\" aria-hidden=\"true\"><\/div>\n<\/form>\n<\/div>\n\n","protected":false},"excerpt":{"rendered":"<p>Malgr\u00e9 tout le soin que nous avons apport\u00e9 \u00e0 la compilation de cette documentation, cela peut arriver que des articles s&#8217;\u00e9cartent des sp\u00e9cifications sp\u00e9cifi\u00e9es. En cas certaines donn\u00e9es techniques sont importantes pour vous, svp mentionnez cette donn\u00e9es dans votre demande\/commande ou v\u00e9rifiez-le avant \u00e0 notre service commercial. Besoin d\u2019une brochure? Remplissez vos coordonn\u00e9es et vous [&hellip;]<\/p>\n","protected":false},"author":1,"featured_media":2134,"parent":0,"menu_order":0,"comment_status":"closed","ping_status":"closed","template":"","meta":{"footnotes":""},"_links":{"self":[{"href":"https:\/\/stainless.lu\/fr\/wp-json\/wp\/v2\/pages\/2132"}],"collection":[{"href":"https:\/\/stainless.lu\/fr\/wp-json\/wp\/v2\/pages"}],"about":[{"href":"https:\/\/stainless.lu\/fr\/wp-json\/wp\/v2\/types\/page"}],"author":[{"embeddable":true,"href":"https:\/\/stainless.lu\/fr\/wp-json\/wp\/v2\/users\/1"}],"replies":[{"embeddable":true,"href":"https:\/\/stainless.lu\/fr\/wp-json\/wp\/v2\/comments?post=2132"}],"version-history":[{"count":3,"href":"https:\/\/stainless.lu\/fr\/wp-json\/wp\/v2\/pages\/2132\/revisions"}],"predecessor-version":[{"id":2148,"href":"https:\/\/stainless.lu\/fr\/wp-json\/wp\/v2\/pages\/2132\/revisions\/2148"}],"wp:featuredmedia":[{"embeddable":true,"href":"https:\/\/stainless.lu\/fr\/wp-json\/wp\/v2\/media\/2134"}],"wp:attachment":[{"href":"https:\/\/stainless.lu\/fr\/wp-json\/wp\/v2\/media?parent=2132"}],"curies":[{"name":"wp","href":"https:\/\/api.w.org\/{rel}","templated":true}]}}