{"id":1311,"date":"2016-11-07T12:04:23","date_gmt":"2016-11-07T11:04:23","guid":{"rendered":"https:\/\/msstainless.jcda.nl\/kwaliteitsboek\/"},"modified":"2021-03-17T14:58:47","modified_gmt":"2021-03-17T13:58:47","slug":"livre-de-qualite","status":"publish","type":"page","link":"https:\/\/stainless.lu\/fr\/livre-de-qualite\/","title":{"rendered":"Livre de Qualit\u00e9"},"content":{"rendered":"<h2><strong>Check, check: double check!<\/strong><\/h2>\n<p>L&#8217;industrie de l&#8217;acier inoxydable est en constante \u00e9volution. Les clients ont des exigences de qualit\u00e9 toujours plus \u00e9lev\u00e9es en ce qui concerne les produits et les processus de production. Suite \u00e0 cette tendance, de nouvelles normes ont \u00e9t\u00e9 cr\u00e9\u00e9es. Par exemple, DIN 11866 pour les tuyaux et DIN 11853\/11864 pour les raccords de tuyaux. Ces nouvelles normes fixent les exigences auxquelles doivent r\u00e9pondre les produits concern\u00e9s. Par exemple, une finition interne de Ra \u2264 0,8m\u00b5. C&#8217;est pourquoi, MSS opte pour une finition interne standard de Ra \u2264 0,5m\u00b5 pour les raccords de tuyauterie qu&#8217;elle produit.<\/p>\n<p>Gr\u00e2ce \u00e0 sa philosophie d&#8217;entreprise unique et \u00e0 sa longue exp\u00e9rience dans l&#8217;industrie alimentaire, MSS est en mesure de satisfaire aux exigences de qualit\u00e9 de plus en plus strictes des syst\u00e8mes de tuyauterie en acier inoxydable. Comment ? Gr\u00e2ce \u00e0 un manuel de qualit\u00e9 d\u00e9velopp\u00e9 en interne. Cela permet de garantir que tous les produits r\u00e9pondent aux exigences de qualit\u00e9 fix\u00e9es. Toutes les marchandises produites par MSS r\u00e9pondent aux exigences de base du r\u00e8glement europ\u00e9en n\u00b0 1935\/2004. Ces marchandises sont fabriqu\u00e9es \u00e0 partir des sortes d&#8217;acier inoxydable (DIN EN 10088) 304(L) et 316L et sont pourvues d&#8217;un num\u00e9ro de lot. Elles peuvent \u00eatre trac\u00e9es gr\u00e2ce \u00e0 un certificat 3.1 conform\u00e9ment au r\u00e8glement UE.<\/p>\n<p>\u00c0 l&#8217;arriv\u00e9e, les produits livr\u00e9s sont contr\u00f4l\u00e9s sur la base de dessins Inventor en 3D et d&#8217;appareils de contr\u00f4le et de mesure partiellement d\u00e9velopp\u00e9s par nos soins. Le contr\u00f4le comprend entre autres les v\u00e9rifications des dimensions, de l&#8217;\u00e9querrage, de la circularit\u00e9, des finitions internes et externes (valeurs Ra) et du num\u00e9ro de lot.<br \/>\nMSS a \u00e9labor\u00e9 un rapport de qualit\u00e9 sp\u00e9cifique \u00e0 chaque produit dans lequel les r\u00e9sultats sont enregistr\u00e9s.<\/p>\n<p>Afin de s&#8217;assurer que tous les produits r\u00e9pondent aux exigences de qualit\u00e9 et de composition des mat\u00e9riaux, MSS fait effectuer des tests al\u00e9atoires par des instituts de recherche ind\u00e9pendants. Ils examinent la composition chimique et la r\u00e9sistance \u00e0 la traction. La r\u00e9sistance \u00e0 la corrosion est test\u00e9e dans un bain de d\u00e9capage tr\u00e8s concentr\u00e9.<\/p>\n<p><strong>En bref : pour M.S Stainless International Group, la qualit\u00e9 est primordiale. Tout cela fait de MSS un partenaire tr\u00e8s fiable qui associe ses clients \u00e0 son processus de r\u00e9flexion depuis plus de 40 ans.<\/strong><\/p>\n","protected":false},"excerpt":{"rendered":"<p>Check, check: double check! L&#8217;industrie de l&#8217;acier inoxydable est en constante \u00e9volution. Les clients ont des exigences de qualit\u00e9 toujours plus \u00e9lev\u00e9es en ce qui concerne les produits et les processus de production. Suite \u00e0 cette tendance, de nouvelles normes ont \u00e9t\u00e9 cr\u00e9\u00e9es. Par exemple, DIN 11866 pour les tuyaux et DIN 11853\/11864 pour les [&hellip;]<\/p>\n","protected":false},"author":1,"featured_media":1312,"parent":0,"menu_order":0,"comment_status":"closed","ping_status":"closed","template":"","meta":{"footnotes":""},"_links":{"self":[{"href":"https:\/\/stainless.lu\/fr\/wp-json\/wp\/v2\/pages\/1311"}],"collection":[{"href":"https:\/\/stainless.lu\/fr\/wp-json\/wp\/v2\/pages"}],"about":[{"href":"https:\/\/stainless.lu\/fr\/wp-json\/wp\/v2\/types\/page"}],"author":[{"embeddable":true,"href":"https:\/\/stainless.lu\/fr\/wp-json\/wp\/v2\/users\/1"}],"replies":[{"embeddable":true,"href":"https:\/\/stainless.lu\/fr\/wp-json\/wp\/v2\/comments?post=1311"}],"version-history":[{"count":4,"href":"https:\/\/stainless.lu\/fr\/wp-json\/wp\/v2\/pages\/1311\/revisions"}],"predecessor-version":[{"id":1518,"href":"https:\/\/stainless.lu\/fr\/wp-json\/wp\/v2\/pages\/1311\/revisions\/1518"}],"wp:featuredmedia":[{"embeddable":true,"href":"https:\/\/stainless.lu\/fr\/wp-json\/wp\/v2\/media\/1312"}],"wp:attachment":[{"href":"https:\/\/stainless.lu\/fr\/wp-json\/wp\/v2\/media?parent=1311"}],"curies":[{"name":"wp","href":"https:\/\/api.w.org\/{rel}","templated":true}]}}