{"id":1299,"date":"2016-11-07T12:04:11","date_gmt":"2016-11-07T11:04:11","guid":{"rendered":"https:\/\/msstainless.jcda.nl\/research-ontwikkeling\/"},"modified":"2021-03-18T09:43:33","modified_gmt":"2021-03-18T08:43:33","slug":"recherche-developpement","status":"publish","type":"page","link":"https:\/\/stainless.lu\/fr\/recherche-developpement\/","title":{"rendered":"Recherche &#038; D\u00e9veloppement"},"content":{"rendered":"<h2>Le probl\u00e8me est le d\u00e9but de la solution !<\/h2>\n<p>De nos jours, le mot innovation est fr\u00e9quemment utilis\u00e9. Pour MSS, l&#8217;innovation signifie tout simplement :<\/p>\n<p><em>Trouver avec ses clients des solutions \u00e0 leurs probl\u00e8mes techniques ou de proc\u00e9d\u00e9s technologiques.<\/em><\/p>\n<p>Gr\u00e2ce \u00e0 sa connaissance approfondie des produits et \u00e0 ses nombreux contacts internationaux sp\u00e9cialis\u00e9s, MSS est en mesure de fournir des solutions efficaces et abordables. Et ce \u00e9galement en cas d&#8217;ajustements sp\u00e9cifiques \u00e0 petite \u00e9chelle.<\/p>\n<p>Par exemple, MSS a adapt\u00e9 un purgeur d&#8217;air standard pour l&#8217;industrie vinicole afin de cr\u00e9er une couverture sanitaire de gaz carbonique lors de la production de p\u00e9nicilline.<\/p>\n<p>Pour la production de la \u00ab pilule \u00bb, elle a adapt\u00e9, en collaboration avec le fabricant, un robinet d&#8217;\u00e9chantillonnage existant aux normes sanitaires de haute qualit\u00e9 sp\u00e9cifiques au client.<\/p>\n<p>Pour l&#8217;industrie laiti\u00e8re, en collaboration avec un sp\u00e9cialiste, elle a con\u00e7u plusieurs unit\u00e9s standard, qui sont mont\u00e9es sur des cuves de refroidissement du lait.<\/p>\n<p>D&#8217;autres exemples d&#8217;innovations sont les clapets antiretour, qui peuvent \u00eatre plac\u00e9s dans un raccord laitier et peuvent \u00e9galement \u00eatre utilis\u00e9s comme purgeur d&#8217;air de cuve.<br \/>\nPour les tr\u00e8s basses pressions, un clapet antiretour a \u00e9galement \u00e9t\u00e9 d\u00e9velopp\u00e9 avec un clapet enti\u00e8rement en silicone.<\/p>\n","protected":false},"excerpt":{"rendered":"<p>Le probl\u00e8me est le d\u00e9but de la solution ! De nos jours, le mot innovation est fr\u00e9quemment utilis\u00e9. Pour MSS, l&#8217;innovation signifie tout simplement : Trouver avec ses clients des solutions \u00e0 leurs probl\u00e8mes techniques ou de proc\u00e9d\u00e9s technologiques. Gr\u00e2ce \u00e0 sa connaissance approfondie des produits et \u00e0 ses nombreux contacts internationaux sp\u00e9cialis\u00e9s, MSS est [&hellip;]<\/p>\n","protected":false},"author":1,"featured_media":1307,"parent":0,"menu_order":0,"comment_status":"closed","ping_status":"closed","template":"","meta":{"footnotes":""},"_links":{"self":[{"href":"https:\/\/stainless.lu\/fr\/wp-json\/wp\/v2\/pages\/1299"}],"collection":[{"href":"https:\/\/stainless.lu\/fr\/wp-json\/wp\/v2\/pages"}],"about":[{"href":"https:\/\/stainless.lu\/fr\/wp-json\/wp\/v2\/types\/page"}],"author":[{"embeddable":true,"href":"https:\/\/stainless.lu\/fr\/wp-json\/wp\/v2\/users\/1"}],"replies":[{"embeddable":true,"href":"https:\/\/stainless.lu\/fr\/wp-json\/wp\/v2\/comments?post=1299"}],"version-history":[{"count":4,"href":"https:\/\/stainless.lu\/fr\/wp-json\/wp\/v2\/pages\/1299\/revisions"}],"predecessor-version":[{"id":1778,"href":"https:\/\/stainless.lu\/fr\/wp-json\/wp\/v2\/pages\/1299\/revisions\/1778"}],"wp:featuredmedia":[{"embeddable":true,"href":"https:\/\/stainless.lu\/fr\/wp-json\/wp\/v2\/media\/1307"}],"wp:attachment":[{"href":"https:\/\/stainless.lu\/fr\/wp-json\/wp\/v2\/media?parent=1299"}],"curies":[{"name":"wp","href":"https:\/\/api.w.org\/{rel}","templated":true}]}}