{"id":1290,"date":"2016-11-03T16:57:21","date_gmt":"2016-11-03T15:57:21","guid":{"rendered":"https:\/\/msstainless.jcda.nl\/wie-zijn-wij\/"},"modified":"2021-03-17T14:52:26","modified_gmt":"2021-03-17T13:52:26","slug":"qui-nous-sommes","status":"publish","type":"page","link":"https:\/\/stainless.lu\/fr\/qui-nous-sommes\/","title":{"rendered":"Qui nous sommes"},"content":{"rendered":"<p><b>M.S. Stainless International Group &#8211; en bref MSS &#8211; est un fabricant et un stockiste de raccorderie et de robinetterie en acier inoxydable utilis\u00e9s dans les syst\u00e8mes de tuyauterie, les r\u00e9servoirs et les \u00e9quipements de traitement pour l&#8217;industrie alimentaire.<\/b><\/p>\n<h2>\u2018F<b>abricant de robinetterie sans production<\/b>\u2019<\/h2>\n<p><span style=\"font-weight: 400;\">En combinant ses propres recherche et d\u00e9veloppement avec le <\/span><i><span style=\"font-weight: 400;\">savoir-faire<\/span><\/i><span style=\"font-weight: 400;\"> de centres d&#8217;usinage sp\u00e9cialis\u00e9s \u00e0 travers le monde entier, MSS est en mesure d&#8217;offrir \u00e0 ses clients un rapport qualit\u00e9\/prix optimal pour les produits en acier inoxydable aussi bien standardis\u00e9s au niveau international que pour ceux sp\u00e9cifiques aux clients. <\/span><\/p>\n<h2>Notre vision !<\/h2>\n<p>Notre philosophie d&#8217;entreprise unique et sp\u00e9cifique garantit que nous pouvons<\/p>\n<p>\u00ab continuer \u00e0 cr\u00e9er une valeur ajout\u00e9e maximale pour nos clients ! \u00bb<\/p>\n<p>Sur un march\u00e9 dynamique et globalisant, il est essentiel de disposer de sa propre structure de Recherche &amp; D\u00e9veloppement. La production peut \u00eatre sous-trait\u00e9e \u00e0 des centres d&#8217;usinage sp\u00e9cialis\u00e9s \u00e0 travers le monde entier au moyen de dessins de fabrication en 3D (Inventor) et\/ou de Cad Cam. Cela est n\u00e9cessaire, car les salaires et les co\u00fbts augmentent rapidement dans les pays d\u00e9velopp\u00e9s, ce qui permet de produire \u00e0 moindre co\u00fbt dans d&#8217;autres parties du monde. Une installation de production \u00e0 un endroit fixe est donc un d\u00e9savantage.<br \/>\nGr\u00e2ce \u00e0 cette philosophie d&#8217;entreprise innovante et originale, au cours des derni\u00e8res d\u00e9cennies, MSS a pu non seulement fournir des produits de qualit\u00e9 \u00e0 des prix stables, mais elle a \u00e9galement \u00e9t\u00e9 en mesure d&#8217;obtenir des r\u00e9ductions de prix substantielles pour ses clients avec ses produits de base, tout en am\u00e9liorant la qualit\u00e9 l\u00e0 o\u00f9 cela \u00e9tait n\u00e9cessaire.<\/p>\n","protected":false},"excerpt":{"rendered":"<p>M.S. Stainless International Group &#8211; en bref MSS &#8211; est un fabricant et un stockiste de raccorderie et de robinetterie en acier inoxydable utilis\u00e9s dans les syst\u00e8mes de tuyauterie, les r\u00e9servoirs et les \u00e9quipements de traitement pour l&#8217;industrie alimentaire. \u2018Fabricant de robinetterie sans production\u2019 En combinant ses propres recherche et d\u00e9veloppement avec le savoir-faire de [&hellip;]<\/p>\n","protected":false},"author":1,"featured_media":1292,"parent":0,"menu_order":0,"comment_status":"closed","ping_status":"closed","template":"","meta":{"footnotes":""},"_links":{"self":[{"href":"https:\/\/stainless.lu\/fr\/wp-json\/wp\/v2\/pages\/1290"}],"collection":[{"href":"https:\/\/stainless.lu\/fr\/wp-json\/wp\/v2\/pages"}],"about":[{"href":"https:\/\/stainless.lu\/fr\/wp-json\/wp\/v2\/types\/page"}],"author":[{"embeddable":true,"href":"https:\/\/stainless.lu\/fr\/wp-json\/wp\/v2\/users\/1"}],"replies":[{"embeddable":true,"href":"https:\/\/stainless.lu\/fr\/wp-json\/wp\/v2\/comments?post=1290"}],"version-history":[{"count":6,"href":"https:\/\/stainless.lu\/fr\/wp-json\/wp\/v2\/pages\/1290\/revisions"}],"predecessor-version":[{"id":1516,"href":"https:\/\/stainless.lu\/fr\/wp-json\/wp\/v2\/pages\/1290\/revisions\/1516"}],"wp:featuredmedia":[{"embeddable":true,"href":"https:\/\/stainless.lu\/fr\/wp-json\/wp\/v2\/media\/1292"}],"wp:attachment":[{"href":"https:\/\/stainless.lu\/fr\/wp-json\/wp\/v2\/media?parent=1290"}],"curies":[{"name":"wp","href":"https:\/\/api.w.org\/{rel}","templated":true}]}}